{"id":5,"date":"2019-01-25T13:08:53","date_gmt":"2019-01-25T10:08:53","guid":{"rendered":"http:\/\/hjelp24-7.no\/?page_id=5"},"modified":"2024-04-22T23:19:37","modified_gmt":"2024-04-22T20:19:37","slug":"glavnaya-stranica","status":"publish","type":"page","link":"https:\/\/gbku.org.ua\/ru\/","title":{"rendered":"\u0413\u043b\u0430\u0432\u043d\u0430\u044f \u0441\u0442\u0440\u0430\u043d\u0438\u0446\u0430"},"content":{"rendered":"<p>Lorem Ipsum er rett og slett dummytekst fra og for trykkeindustrien. Lorem Ipsum har v\u00e6rt bransjens standard for dummytekst helt siden 1500-tallet, da en ukjent boktrykker stokket en mengde bokstaver for \u00e5 lage et pr\u00f8veeksemplar av en bok. Lorem Ipsum har t\u00e5lt tidens tann usedvanlig godt, og har i tillegg til \u00e5best\u00e5 gjennom fem \u00e5rhundrer ogs\u00e5 t\u00e5lt spranget over til elektronisk typografi uten vesentlige endringer. Lorem Ipsum ble gjort allment kjent i 1960-\u00e5rene ved lanseringen av Letraset-ark med avsnitt fra Lorem Ipsum, og senere med sideombrekkingsprogrammet Aldus PageMaker som tok i bruk nettopp Lorem Ipsum for dummytekst.<\/p>\n","protected":false},"excerpt":{"rendered":"<p>Lorem Ipsum er rett og slett dummytekst fra og for trykkeindustrien. Lorem Ipsum har v\u00e6rt bransjens standard for dummytekst helt siden 1500-tallet, da en ukjent boktrykker stokket en mengde bokstaver &hellip; <\/p>\n<p class=\"link-more\"><a href=\"https:\/\/gbku.org.ua\/ru\/\" class=\"more-link\">\u0427\u0438\u0442\u0430\u0442\u044c \u0434\u0430\u043b\u0435\u0435<span class=\"screen-reader-text\"> \u00ab\u0413\u043b\u0430\u0432\u043d\u0430\u044f \u0441\u0442\u0440\u0430\u043d\u0438\u0446\u0430\u00bb<\/span><\/a><\/p>\n","protected":false},"author":1,"featured_media":0,"parent":0,"menu_order":0,"comment_status":"closed","ping_status":"closed","template":"","meta":{"_acf_changed":false,"ngg_post_thumbnail":0,"_themeisle_gutenberg_block_has_review":false,"footnotes":""},"acf":[],"_links":{"self":[{"href":"https:\/\/gbku.org.ua\/ru\/wp-json\/wp\/v2\/pages\/5"}],"collection":[{"href":"https:\/\/gbku.org.ua\/ru\/wp-json\/wp\/v2\/pages"}],"about":[{"href":"https:\/\/gbku.org.ua\/ru\/wp-json\/wp\/v2\/types\/page"}],"author":[{"embeddable":true,"href":"https:\/\/gbku.org.ua\/ru\/wp-json\/wp\/v2\/users\/1"}],"replies":[{"embeddable":true,"href":"https:\/\/gbku.org.ua\/ru\/wp-json\/wp\/v2\/comments?post=5"}],"version-history":[{"count":33,"href":"https:\/\/gbku.org.ua\/ru\/wp-json\/wp\/v2\/pages\/5\/revisions"}],"predecessor-version":[{"id":1895,"href":"https:\/\/gbku.org.ua\/ru\/wp-json\/wp\/v2\/pages\/5\/revisions\/1895"}],"wp:attachment":[{"href":"https:\/\/gbku.org.ua\/ru\/wp-json\/wp\/v2\/media?parent=5"}],"curies":[{"name":"wp","href":"https:\/\/api.w.org\/{rel}","templated":true}]}}