{"id":196,"date":"2019-02-04T14:12:43","date_gmt":"2019-02-04T11:12:43","guid":{"rendered":"http:\/\/hjelp24-7.no\/?page_id=196"},"modified":"2024-04-22T23:13:57","modified_gmt":"2024-04-22T20:13:57","slug":"o-nas","status":"publish","type":"page","link":"https:\/\/gbku.org.ua\/ru\/o-nas\/","title":{"rendered":"\u041e \u041d\u0430\u0441"},"content":{"rendered":"<p>Lorem Ipsum er rett og slett dummytekst fra og for trykkeindustrien. Lorem Ipsum har v\u00e6rt bransjens standard for dummytekst helt siden 1500-tallet, da en ukjent boktrykker stokket en mengde bokstaver for \u00e5 lage et pr\u00f8veeksemplar av en bok. Lorem Ipsum har t\u00e5lt tidens tann usedvanlig godt, og har i tillegg til \u00e5best\u00e5 gjennom fem \u00e5rhundrer ogs\u00e5 t\u00e5lt spranget over til elektronisk typografi uten vesentlige endringer. Lorem Ipsum ble gjort allment kjent i 1960-\u00e5rene ved lanseringen av Letraset-ark med avsnitt fra<\/p>\n<p><img loading=\"lazy\" decoding=\"async\" class=\"size-medium wp-image-742 alignright\" src=\"http:\/\/abku.org.ua\/wp-content\/uploads\/2019\/08\/\u0424\u043e\u0442\u043e-\u043f\u0440\u0438\u0440\u043e\u0434\u044b_1-300x196.jpg\" alt=\"\" width=\"300\" height=\"196\" srcset=\"https:\/\/gbku.org.ua\/wp-content\/uploads\/2019\/08\/\u0424\u043e\u0442\u043e-\u043f\u0440\u0438\u0440\u043e\u0434\u044b_1-300x196.jpg 300w, https:\/\/gbku.org.ua\/wp-content\/uploads\/2019\/08\/\u0424\u043e\u0442\u043e-\u043f\u0440\u0438\u0440\u043e\u0434\u044b_1-768x502.jpg 768w, https:\/\/gbku.org.ua\/wp-content\/uploads\/2019\/08\/\u0424\u043e\u0442\u043e-\u043f\u0440\u0438\u0440\u043e\u0434\u044b_1.jpg 800w\" sizes=\"(max-width: 300px) 100vw, 300px\" \/><\/p>\n<p>Lorem Ipsum, og senere med sideombrekkingsprogrammet Aldus PageMaker som tok i bruk nettopp Lorem Ipsum for dummytekst. Lorem Ipsum er rett og slett dummytekst fra og for trykkeindustrien. Lorem Ipsum har v\u00e6rt bransjens standard for dummytekst helt siden 1500-tallet, da en ukjent boktrykker stokket en mengde bokstaver for \u00e5 lage et pr\u00f8veeksemplar av en bok. Lorem Ipsum har t\u00e5lt tidens tann usedvanlig godt, og har i tillegg til \u00e5best\u00e5 gjennom fem \u00e5rhundrer ogs\u00e5 t\u00e5lt spranget over til elektronisk typografi uten vesentlige endringer. Lorem Ipsum ble gjort allment kjent i 1960-\u00e5rene ved lanseringenLorem Ipsum er rett og slett dummytekst fra og for trykkeindustrien. Lorem Ipsum har v\u00e6rt bransjens standard for dummytekst helt siden 1500-tallet, da en ukjent boktrykker stokket en mengde bokstaver for \u00e5 lage et pr\u00f8veeksemplar av en bok. Lorem Ipsum har t\u00e5lt tidens tann usedvanlig godt, og har i tillegg til \u00e5best\u00e5 gjennom fem \u00e5rhundrer ogs\u00e5 t\u00e5lt spranget over til elektronisk typografi uten vesentlige endringer. Lorem Ipsum ble gjort allment kjent i 1960-\u00e5rene ved lanseringen av Letraset-ark med avsnitt fra<\/p>\n<p><img loading=\"lazy\" decoding=\"async\" class=\"size-medium wp-image-742 alignright\" src=\"http:\/\/abku.org.ua\/wp-content\/uploads\/2019\/08\/\u0424\u043e\u0442\u043e-\u043f\u0440\u0438\u0440\u043e\u0434\u044b_1-300x196.jpg\" alt=\"\" width=\"300\" height=\"196\" srcset=\"https:\/\/gbku.org.ua\/wp-content\/uploads\/2019\/08\/\u0424\u043e\u0442\u043e-\u043f\u0440\u0438\u0440\u043e\u0434\u044b_1-300x196.jpg 300w, https:\/\/gbku.org.ua\/wp-content\/uploads\/2019\/08\/\u0424\u043e\u0442\u043e-\u043f\u0440\u0438\u0440\u043e\u0434\u044b_1-768x502.jpg 768w, https:\/\/gbku.org.ua\/wp-content\/uploads\/2019\/08\/\u0424\u043e\u0442\u043e-\u043f\u0440\u0438\u0440\u043e\u0434\u044b_1.jpg 800w\" sizes=\"(max-width: 300px) 100vw, 300px\" \/><\/p>\n<p>Lorem Ipsum, og senere med sideombrekkingsprogrammet Aldus PageMaker som tok i bruk nettopp Lorem Ipsum for dummytekst. Lorem Ipsum er rett og slett dummytekst fra og for trykkeindustrien. Lorem Ipsum har v\u00e6rt bransjens standard for dummytekst helt siden 1500-tallet, da en ukjent boktrykker stokket en mengde bokstaver for \u00e5 lage et pr\u00f8veeksemplar av en bok. Lorem Ipsum har t\u00e5lt tidens tann usedvanlig godt, og har i tillegg til \u00e5best\u00e5 gjennom fem \u00e5rhundrer ogs\u00e5 t\u00e5lt spranget over til elektronisk typografi uten vesentlige endringer. Lorem Ipsum ble gjort allment kjent i 1960-\u00e5rene ved lanseringen<\/p>","protected":false},"excerpt":{"rendered":"<p>Lorem Ipsum er rett og slett dummytekst fra og for trykkeindustrien. Lorem Ipsum har v\u00e6rt bransjens standard for dummytekst helt siden 1500-tallet, da en ukjent boktrykker stokket en mengde bokstaver &hellip; <\/p>\n<p class=\"link-more\"><a href=\"https:\/\/gbku.org.ua\/ru\/o-nas\/\" class=\"more-link\">\u0427\u0438\u0442\u0430\u0442\u044c \u0434\u0430\u043b\u0435\u0435<span class=\"screen-reader-text\"> \u00ab\u041e \u041d\u0430\u0441\u00bb<\/span><\/a><\/p>\n","protected":false},"author":1,"featured_media":0,"parent":0,"menu_order":0,"comment_status":"closed","ping_status":"closed","template":"","meta":{"_acf_changed":false,"ngg_post_thumbnail":0,"_themeisle_gutenberg_block_has_review":false,"footnotes":""},"acf":[],"_links":{"self":[{"href":"https:\/\/gbku.org.ua\/ru\/wp-json\/wp\/v2\/pages\/196"}],"collection":[{"href":"https:\/\/gbku.org.ua\/ru\/wp-json\/wp\/v2\/pages"}],"about":[{"href":"https:\/\/gbku.org.ua\/ru\/wp-json\/wp\/v2\/types\/page"}],"author":[{"embeddable":true,"href":"https:\/\/gbku.org.ua\/ru\/wp-json\/wp\/v2\/users\/1"}],"replies":[{"embeddable":true,"href":"https:\/\/gbku.org.ua\/ru\/wp-json\/wp\/v2\/comments?post=196"}],"version-history":[{"count":42,"href":"https:\/\/gbku.org.ua\/ru\/wp-json\/wp\/v2\/pages\/196\/revisions"}],"predecessor-version":[{"id":1882,"href":"https:\/\/gbku.org.ua\/ru\/wp-json\/wp\/v2\/pages\/196\/revisions\/1882"}],"wp:attachment":[{"href":"https:\/\/gbku.org.ua\/ru\/wp-json\/wp\/v2\/media?parent=196"}],"curies":[{"name":"wp","href":"https:\/\/api.w.org\/{rel}","templated":true}]}}